{"id":4628,"date":"2020-08-12T10:43:17","date_gmt":"2020-08-12T13:43:17","guid":{"rendered":"http:\/\/www.elfirmamento.com.ar\/?page_id=4628"},"modified":"2020-08-12T10:43:18","modified_gmt":"2020-08-12T13:43:18","slug":"curso-de-astrofotografia-de-campo-amplio-y-espacio-profundo","status":"publish","type":"page","link":"http:\/\/www.elfirmamento.com.ar\/?page_id=4628","title":{"rendered":"Curso de Astrofotografia de Campo Amplio y Espacio Profundo"},"content":{"rendered":"\n<h2 class=\"wp-block-heading\">Temario:<\/h2>\n\n\n\n<p><strong>Fotograf\u00eda astron\u00f3mica&nbsp;sin telescopio, paisaje.<\/strong><\/p>\n\n\n\n<ul><li>Equipo necesario y tips para programar una salida fotogr\u00e1fica<\/li><li>Funcionamiento de la c\u00e1mara fotogr\u00e1fica digital (REFLEX).<\/li><li>Objetivos fotogr\u00e1ficos<\/li><li>Como hacer una Fotograf\u00eda Nocturna en simples pasos<\/li><li>Estrellas y constelaciones.<\/li><li>Trazas estelares.<\/li><li>Luna y conjunciones.<\/li><li>Cometas.<\/li><li>V\u00eda L\u00e1ctea.<\/li><li>Paso de sat\u00e9lites.<\/li><li>Iluminaci\u00f3n.<\/li><li>Revelado digital sencillo.<\/li><\/ul>\n\n\n\n<p><strong>Campo Amplio.<\/strong><\/p>\n\n\n\n<ul><li>La b\u00f3veda celeste (espacio y movimiento).<\/li><li>Seguimiento sid\u00e9reo.<\/li><li>&nbsp; Montura ecuatorial y otros equipos.<\/li><li>La importancia de la puesta en estaci\u00f3n.<\/li><li>Ajustes necesarios para la toma de la fotograf\u00eda.<\/li><li>Apilado y tomas oscuras (Flats, Dark, Bias). Obtenci\u00f3n de la imagen a procesar (DSS).<\/li><\/ul>\n\n\n\n<p><strong>Fotograf\u00eda astron\u00f3mica planetaria<\/strong><\/p>\n\n\n\n<ul><li>Diferentes C\u00e1maras en el mercado (celulares, webcam, CMOS, CCD).<\/li><li>Equipos (telescopios) y c\u00e1maras (celular, webcam,CMOS, CCD). Elecci\u00f3n, uso y finalidad de herramientas adicionales (reductor, barlows, filtros).<\/li><li>Conceptos b\u00e1sicos de fotograf\u00eda planetaria.<\/li><li>T\u00e9cnicas Afocal y Foco Primario.<\/li><\/ul>\n\n\n\n<ul><li>Condicionantes b\u00e1sicas meteoriol\u00f3gicas (Seeing, jet streem, transparencia, etc).<\/li><li>T\u00e9cnicas de enfoque.<\/li><li>Distintos Softwares para el procesado.<\/li><li>Tomas de im\u00e1genes.<\/li><li>M\u00e9todo de Apilado y procesado de videos con programas Autostakker, Pipp, Registax6.<\/li><li>Eliminando el ruido y retoque final (Deconvoluciones y reducci\u00f3n con Fistworks).<\/li><li>Mejora de imagen.<\/li><li>Otras t\u00e9cnicas: Mosaicos lunares y solares. proyecci\u00f3n polar planetaria con Fistworks.<\/li><\/ul>\n\n\n\n<p><strong>Fotograf\u00eda astron\u00f3mica de espacio profundo. M\u00e9todos de captura, software.<\/strong><\/p>\n\n\n\n<ul><li>Equipo necesario.<\/li><li>Programas para proceso de im\u00e1genes.<\/li><li>Apilado de tomas y suma de informaci\u00f3n.<\/li><li>Programas de procesado.<\/li><li>Calibraci\u00f3n.<\/li><li>Un procesado t\u00edpico.<\/li><li>Procesado de c\u00famulos estelares, nebulosas, galaxias.<\/li><li>Herramientas avanzadas para mejoras de resultados. (t\u00e9cnica de guiado, filtros).<\/li><\/ul>\n\n\n\n<p><strong>Objetivo general<\/strong><\/p>\n\n\n\n<p>Conocer los conceptos b\u00e1sicos para la captura de im\u00e1genes astron\u00f3micas y de paisaje a trav\u00e9s del conocimiento de las opciones que se encuentren al alcance de los interesados, partiendo desde equipos m\u00f3viles, c\u00e1maras digitales, semiprofesionales, profesionales, conociendo los m\u00e9todos al alcance como lo es la astrofotograf\u00eda afocal o foco primario como herramienta de registro de eventos celestes, todo esto enmarcado en la ense\u00f1anza y conocimiento de los accesorios destinados para ello.<\/p>\n\n\n\n<p><strong>Objetivos espec\u00edficos<\/strong><\/p>\n\n\n\n<ul><li>Incentivar el esp\u00edritu por la astrofotograf\u00eda desde nuestro lugar de cuarentena, con el fin de incentivar al p\u00fablico a realizar nuevas actividades y generar inter\u00e9s por los temas relacionados con la astronom\u00eda a partir de los espacios disponibles en confinamiento para la observaci\u00f3n y registro de eventos astron\u00f3micos.<\/li><li>Capacitar al p\u00fablico para adquirir y afianzar conocimientos b\u00e1sicos sobre la astrofotograf\u00eda como rama de la astronom\u00eda.<\/li><li>Comprender los conceptos de ISO, Velocidad y Obturaci\u00f3n en c\u00e1maras y celulares.<\/li><li>Reconocer y explorar el cielo nocturno que nos permita elaborar programaciones para obtener fotograf\u00edas de amaneceres, puestas de sol, salida de lunas entre otros.<\/li><li>Reconocer las distancias focales de los elementos \u00f3pticos, aumentos.<\/li><li>Explorar el cielo a simple vista e identificar las principales constelaciones como objetico de primeras fotograf\u00edas con celular de campo amplio.<\/li><li>Conocer los elementos y accesorios b\u00e1sicos para Astrofotograf\u00eda lunar, solar y planetaria y de paisaje.<\/li><li>Entender el concepto de la contaminaci\u00f3n lum\u00ednica como factor negativo en la toma de im\u00e1genes astron\u00f3micas.<\/li><li>Conocer las diferentes aplicaciones m\u00f3viles para Android y IOS que permiten mejorar las im\u00e1genes obtenidas: (Ligthroom, Inshot, Snapsed, Photoshop Express).<\/li><\/ul>\n","protected":false},"excerpt":{"rendered":"<p>Temario: Fotograf\u00eda astron\u00f3mica&nbsp;sin telescopio, paisaje. Equipo necesario y tips para programar una salida fotogr\u00e1fica Funcionamiento de la c\u00e1mara fotogr\u00e1fica digital (REFLEX). Objetivos fotogr\u00e1ficos Como hacer una Fotograf\u00eda Nocturna en simples pasos Estrellas y constelaciones. Trazas estelares. Luna y conjunciones. Cometas. V\u00eda L\u00e1ctea. Paso de sat\u00e9lites. &hellip; <a href=\"http:\/\/www.elfirmamento.com.ar\/?page_id=4628\" class=\"more-link\"><span>Seguir leyendo<span class=\"screen-reader-text\">Curso de Astrofotografia de Campo Amplio y Espacio Profundo<\/span><\/span><\/a><\/p>\n","protected":false},"author":1,"featured_media":0,"parent":0,"menu_order":0,"comment_status":"closed","ping_status":"closed","template":"","meta":{"footnotes":""},"jetpack_sharing_enabled":true,"_links":{"self":[{"href":"http:\/\/www.elfirmamento.com.ar\/index.php?rest_route=\/wp\/v2\/pages\/4628"}],"collection":[{"href":"http:\/\/www.elfirmamento.com.ar\/index.php?rest_route=\/wp\/v2\/pages"}],"about":[{"href":"http:\/\/www.elfirmamento.com.ar\/index.php?rest_route=\/wp\/v2\/types\/page"}],"author":[{"embeddable":true,"href":"http:\/\/www.elfirmamento.com.ar\/index.php?rest_route=\/wp\/v2\/users\/1"}],"replies":[{"embeddable":true,"href":"http:\/\/www.elfirmamento.com.ar\/index.php?rest_route=%2Fwp%2Fv2%2Fcomments&post=4628"}],"version-history":[{"count":0,"href":"http:\/\/www.elfirmamento.com.ar\/index.php?rest_route=\/wp\/v2\/pages\/4628\/revisions"}],"wp:attachment":[{"href":"http:\/\/www.elfirmamento.com.ar\/index.php?rest_route=%2Fwp%2Fv2%2Fmedia&parent=4628"}],"curies":[{"name":"wp","href":"https:\/\/api.w.org\/{rel}","templated":true}]}}