{"id":4803,"date":"2020-09-21T23:39:34","date_gmt":"2020-09-22T02:39:34","guid":{"rendered":"http:\/\/www.elfirmamento.com.ar\/?page_id=4803"},"modified":"2021-08-10T23:31:06","modified_gmt":"2021-08-11T02:31:06","slug":"curso-de-astroturismo","status":"publish","type":"page","link":"http:\/\/www.elfirmamento.com.ar\/?page_id=4803","title":{"rendered":"Curso de Astroturismo"},"content":{"rendered":"\n<h2 class=\"wp-block-heading\">Temario<\/h2>\n\n\n\n<ul><li>Astronom\u00eda b\u00e1sica: reconocimiento del cielo, Mec\u00e1nica Celeste, Constelaciones, Estrellas (El Sol), Planetas, lunas (la Luna), asteroides (meteoroides, meteoros, lluvias), cometas, C\u00famulos, Nebulosas, Galaxias.<\/li><li>Eclipses (lunares y solares).<\/li><li>Mitolog\u00eda(Pueblos Originarios \u201cGuaran\u00ed, Inca, Mapuche\u201d) otras mitolog\u00edas Griega, Egipcia. Andina y Regional<\/li><li>Cielos Oscuros y su importancia.<\/li><li>Astroturismo en sitios Urbanos y de alta contaminaci\u00f3n lum\u00ednica.-Astroturismo Naturaleza.<\/li><li>Instrumentos astron\u00f3micos, modo de utilizarlos.<\/li><li>Utilizaci\u00f3n de herramientas APP, Stellarium, entre otras.<\/li><li>Planetarios (planetario m\u00f3vil). <\/li><li>Arqueoastronom\u00eda.<\/li><li>Dise\u00f1o de Experiencias Astrotur\u00edsticas.<\/li><li>Actividades l\u00fadicas-Interacci\u00f3n con el visitante y plazas l\u00fadicas.<\/li><li>Protocolo COVID.<\/li><li>Presentaci\u00f3n y protocolos. Exposici\u00f3n de una funci\u00f3n de Astroturismo (dada por el alumno).<\/li><\/ul>\n\n\n\n<div class=\"wp-block-buttons is-layout-flex wp-block-buttons-is-layout-flex\">\n<div class=\"wp-block-button\"><a class=\"wp-block-button__link\" href=\"http:\/\/www.elfirmamento.com.ar\/?p=4801\">M\u00e1s informaci\u00f3n<\/a><\/div>\n<\/div>\n","protected":false},"excerpt":{"rendered":"<p>Temario Astronom\u00eda b\u00e1sica: reconocimiento del cielo, Mec\u00e1nica Celeste, Constelaciones, Estrellas (El Sol), Planetas, lunas (la Luna), asteroides (meteoroides, meteoros, lluvias), cometas, C\u00famulos, Nebulosas, Galaxias. Eclipses (lunares y solares). Mitolog\u00eda(Pueblos Originarios \u201cGuaran\u00ed, Inca, Mapuche\u201d) otras mitolog\u00edas Griega, Egipcia. Andina y Regional Cielos Oscuros y su importancia. &hellip; <a href=\"http:\/\/www.elfirmamento.com.ar\/?page_id=4803\" class=\"more-link\"><span>Seguir leyendo<span class=\"screen-reader-text\">Curso de Astroturismo<\/span><\/span><\/a><\/p>\n","protected":false},"author":1,"featured_media":0,"parent":0,"menu_order":0,"comment_status":"closed","ping_status":"closed","template":"","meta":{"footnotes":""},"jetpack_sharing_enabled":true,"_links":{"self":[{"href":"http:\/\/www.elfirmamento.com.ar\/index.php?rest_route=\/wp\/v2\/pages\/4803"}],"collection":[{"href":"http:\/\/www.elfirmamento.com.ar\/index.php?rest_route=\/wp\/v2\/pages"}],"about":[{"href":"http:\/\/www.elfirmamento.com.ar\/index.php?rest_route=\/wp\/v2\/types\/page"}],"author":[{"embeddable":true,"href":"http:\/\/www.elfirmamento.com.ar\/index.php?rest_route=\/wp\/v2\/users\/1"}],"replies":[{"embeddable":true,"href":"http:\/\/www.elfirmamento.com.ar\/index.php?rest_route=%2Fwp%2Fv2%2Fcomments&post=4803"}],"version-history":[{"count":0,"href":"http:\/\/www.elfirmamento.com.ar\/index.php?rest_route=\/wp\/v2\/pages\/4803\/revisions"}],"wp:attachment":[{"href":"http:\/\/www.elfirmamento.com.ar\/index.php?rest_route=%2Fwp%2Fv2%2Fmedia&parent=4803"}],"curies":[{"name":"wp","href":"https:\/\/api.w.org\/{rel}","templated":true}]}}