{"id":5536,"date":"2021-06-02T14:56:09","date_gmt":"2021-06-02T17:56:09","guid":{"rendered":"http:\/\/www.elfirmamento.com.ar\/?page_id=5536"},"modified":"2021-06-18T00:25:00","modified_gmt":"2021-06-18T03:25:00","slug":"camara-en-vivo-allsky-mendoza-argentina","status":"publish","type":"page","link":"http:\/\/www.elfirmamento.com.ar\/?page_id=5536","title":{"rendered":"C\u00e1mara en Vivo ALLSKY Mendoza &#8211; Argentina"},"content":{"rendered":"<figure class=\"wp-block-embed wp-block-embed-youtube is-type-video is-provider-youtube epyt-figure\"><div class=\"wp-block-embed__wrapper\"><iframe  id=\"_ytid_92069\"  width=\"1000\" height=\"563\"  data-origwidth=\"1000\" data-origheight=\"563\" src=\"https:\/\/www.youtube.com\/embed\/live_stream?enablejsapi=1&#038;channel=UCweUS-JZksmLGunRYuMgH4A&#038;autoplay=1&#038;cc_load_policy=0&#038;cc_lang_pref=&#038;iv_load_policy=1&#038;rel=0&#038;fs=1&#038;playsinline=0&#038;autohide=2&#038;theme=dark&#038;color=red&#038;controls=1&#038;\" class=\"__youtube_prefs__  epyt-live-channel  no-lazyload\" title=\"YouTube player\"  allow=\"fullscreen; accelerometer; autoplay; clipboard-write; encrypted-media; gyroscope; picture-in-picture\" allowfullscreen data-no-lazy=\"1\" data-skipgform_ajax_framebjll=\"\"><\/iframe><\/div><\/figure>\n\n\n<p class=\"has-text-align-center\">Las c\u00e1maras ALLSKY se encuentran habilitadas en las horas nocturnas y con las condiciones clim\u00e1ticas adecuadas para la observaci\u00f3n y detecci\u00f3n de b\u00f3lidos.<\/p>\n\n\n\n<div class=\"wp-block-buttons is-layout-flex wp-block-buttons-is-layout-flex\">\n<div class=\"wp-block-button\"><a class=\"wp-block-button__link\" href=\"http:\/\/www.elfirmamento.com.ar\/?page_id=5547\" target=\"_blank\" rel=\"noreferrer noopener\">Anteriores Transmisiones<\/a><\/div>\n<\/div>\n","protected":false},"excerpt":{"rendered":"<p>Las c\u00e1maras ALLSKY se encuentran habilitadas en las horas nocturnas y con las condiciones clim\u00e1ticas adecuadas para la observaci\u00f3n y detecci\u00f3n de b\u00f3lidos.<\/p>\n","protected":false},"author":1,"featured_media":0,"parent":0,"menu_order":0,"comment_status":"closed","ping_status":"closed","template":"","meta":{"footnotes":""},"jetpack_sharing_enabled":true,"_links":{"self":[{"href":"http:\/\/www.elfirmamento.com.ar\/index.php?rest_route=\/wp\/v2\/pages\/5536"}],"collection":[{"href":"http:\/\/www.elfirmamento.com.ar\/index.php?rest_route=\/wp\/v2\/pages"}],"about":[{"href":"http:\/\/www.elfirmamento.com.ar\/index.php?rest_route=\/wp\/v2\/types\/page"}],"author":[{"embeddable":true,"href":"http:\/\/www.elfirmamento.com.ar\/index.php?rest_route=\/wp\/v2\/users\/1"}],"replies":[{"embeddable":true,"href":"http:\/\/www.elfirmamento.com.ar\/index.php?rest_route=%2Fwp%2Fv2%2Fcomments&post=5536"}],"version-history":[{"count":0,"href":"http:\/\/www.elfirmamento.com.ar\/index.php?rest_route=\/wp\/v2\/pages\/5536\/revisions"}],"wp:attachment":[{"href":"http:\/\/www.elfirmamento.com.ar\/index.php?rest_route=%2Fwp%2Fv2%2Fmedia&parent=5536"}],"curies":[{"name":"wp","href":"https:\/\/api.w.org\/{rel}","templated":true}]}}