{"id":5766,"date":"2021-08-31T16:16:07","date_gmt":"2021-08-31T19:16:07","guid":{"rendered":"http:\/\/www.elfirmamento.com.ar\/?page_id=5766"},"modified":"2021-08-31T16:19:22","modified_gmt":"2021-08-31T19:19:22","slug":"formulario-de-inscripcion-2da-hackathon-de-astronomia-y-astroturismo","status":"publish","type":"page","link":"http:\/\/www.elfirmamento.com.ar\/?page_id=5766","title":{"rendered":"Formulario de Inscripci\u00f3n 2da. Hackathon de Astronom\u00eda y Astroturismo"},"content":{"rendered":"\n<div role=\"form\" class=\"wpcf7\" id=\"wpcf7-f5767-o1\" lang=\"es-ES\" dir=\"ltr\">\n<div class=\"screen-reader-response\"><p role=\"status\" aria-live=\"polite\" aria-atomic=\"true\"><\/p> <ul><\/ul><\/div>\n<form action=\"\/index.php?rest_route=%2Fwp%2Fv2%2Fpages%2F5766#wpcf7-f5767-o1\" method=\"post\" class=\"wpcf7-form init\" novalidate=\"novalidate\" data-status=\"init\">\n<div style=\"display: none;\">\n<input type=\"hidden\" name=\"_wpcf7\" value=\"5767\" \/>\n<input type=\"hidden\" name=\"_wpcf7_version\" value=\"5.5.6.1\" \/>\n<input type=\"hidden\" name=\"_wpcf7_locale\" value=\"es_ES\" \/>\n<input type=\"hidden\" name=\"_wpcf7_unit_tag\" value=\"wpcf7-f5767-o1\" \/>\n<input type=\"hidden\" name=\"_wpcf7_container_post\" value=\"0\" \/>\n<input type=\"hidden\" name=\"_wpcf7_posted_data_hash\" value=\"\" \/>\n<\/div>\n<p>Nombre y Apellido (requerido)<br \/>\n    <span class=\"wpcf7-form-control-wrap your-name\"><input type=\"text\" name=\"your-name\" value=\"\" size=\"40\" class=\"wpcf7-form-control wpcf7-text wpcf7-validates-as-required\" aria-required=\"true\" aria-invalid=\"false\" \/><\/span> <\/p>\n<p>Edad (requerido)<br \/>\n<span class=\"wpcf7-form-control-wrap number-770\"><input type=\"number\" name=\"number-770\" value=\"\" class=\"wpcf7-form-control wpcf7-number wpcf7-validates-as-required wpcf7-validates-as-number\" min=\"16\" max=\"99\" aria-required=\"true\" aria-invalid=\"false\" \/><\/span> <\/p>\n<p>Provincia (requerido)<br \/>\n<span class=\"wpcf7-form-control-wrap menu-925\"><select name=\"menu-925\" class=\"wpcf7-form-control wpcf7-select wpcf7-validates-as-required\" aria-required=\"true\" aria-invalid=\"false\"><option value=\"Mendoza\">Mendoza<\/option><option value=\"Buenos Aires\">Buenos Aires<\/option><option value=\"CABA\">CABA<\/option><option value=\"Catamarca\">Catamarca<\/option><option value=\"Chaco\">Chaco<\/option><option value=\"Chubut\">Chubut<\/option><option value=\"C\u00f3rdoba\">C\u00f3rdoba<\/option><option value=\"Corrientes\">Corrientes<\/option><option value=\"Entre R\u00edos\">Entre R\u00edos<\/option><option value=\"Formosa\">Formosa<\/option><option value=\"Jujuy\">Jujuy<\/option><option value=\"La Pampa\">La Pampa<\/option><option value=\"La Rioja\">La Rioja<\/option><option value=\"Misiones\">Misiones<\/option><option value=\"Neuqu\u00e9n\">Neuqu\u00e9n<\/option><option value=\"R\u00edo Negro\">R\u00edo Negro<\/option><option value=\"Salta\">Salta<\/option><option value=\"San Juan\">San Juan<\/option><option value=\"San Luis\">San Luis<\/option><option value=\"Santa Cruz\">Santa Cruz<\/option><option value=\"Santa Fe\">Santa Fe<\/option><option value=\"Santiago del Estero\">Santiago del Estero<\/option><option value=\"Tierra del Fuego e islas del Atl\u00e1ntico Sur\">Tierra del Fuego e islas del Atl\u00e1ntico Sur<\/option><option value=\"Tucuman\">Tucuman<\/option><\/select><\/span><\/p>\n<p>Ciudad (requerido)<br \/>\n<span class=\"wpcf7-form-control-wrap text-987\"><input type=\"text\" name=\"text-987\" value=\"Mendoza\" size=\"40\" class=\"wpcf7-form-control wpcf7-text wpcf7-validates-as-required\" aria-required=\"true\" aria-invalid=\"false\" \/><\/span> <\/p>\n<p>Seleccione la Categor\u00eda en la que quiere participar: (requerido)<br \/>\n<span class=\"wpcf7-form-control-wrap menu-550\"><select name=\"menu-550\" class=\"wpcf7-form-control wpcf7-select wpcf7-validates-as-required\" aria-required=\"true\" aria-invalid=\"false\"><option value=\"Herramienta de Software implementada en la Astronom\u00eda y\/o Astroturismo\">Herramienta de Software implementada en la Astronom\u00eda y\/o Astroturismo<\/option><option value=\"Herramienta implementada para la Astronom\u00eda\">Herramienta implementada para la Astronom\u00eda<\/option><option value=\"Herramienta para implementar en la Astronom\u00eda y\/o Astroturismo para personas con Discapacidad\">Herramienta para implementar en la Astronom\u00eda y\/o Astroturismo para personas con Discapacidad<\/option><\/select><\/span><\/p>\n<p>DNI (requerido)<br \/>\n<span class=\"wpcf7-form-control-wrap dni-798\"><input type=\"number\" name=\"dni-798\" value=\"\" class=\"wpcf7-form-control wpcf7-number wpcf7-validates-as-required wpcf7-validates-as-number\" aria-required=\"true\" aria-invalid=\"false\" \/><\/span>  <\/p>\n<p>Celular (requerido)<br \/>\n    <span class=\"wpcf7-form-control-wrap Celular\"><input type=\"tel\" name=\"Celular\" value=\"\" size=\"40\" class=\"wpcf7-form-control wpcf7-text wpcf7-tel wpcf7-validates-as-required wpcf7-validates-as-tel\" aria-required=\"true\" aria-invalid=\"false\" placeholder=\"261-15555-5555\" \/><\/span>  <\/p>\n<p>Correo electr\u00f3nico (requerido)<br \/>\n    <span class=\"wpcf7-form-control-wrap your-email\"><input type=\"email\" name=\"your-email\" value=\"\" size=\"40\" class=\"wpcf7-form-control wpcf7-text wpcf7-email wpcf7-validates-as-required wpcf7-validates-as-email\" aria-required=\"true\" aria-invalid=\"false\" \/><\/span> <\/p>\n<p>reptir Correo electr\u00f3nico (requerido)<br \/>\n<span class=\"wpcf7-form-control-wrap email-831\"><input type=\"email\" name=\"email-831\" value=\"\" size=\"40\" class=\"wpcf7-form-control wpcf7-text wpcf7-email wpcf7-validates-as-required wpcf7-validates-as-email\" aria-required=\"true\" aria-invalid=\"false\" \/><\/span><\/p>\n<p>Informaci\u00f3n Adicional (opcional)<br \/>\n    <span class=\"wpcf7-form-control-wrap your-message\"><textarea name=\"your-message\" cols=\"40\" rows=\"10\" class=\"wpcf7-form-control wpcf7-textarea\" aria-invalid=\"false\"><\/textarea><\/span> <\/p>\n<p><span class=\"wpcf7-form-control-wrap checkbox-43\"><span class=\"wpcf7-form-control wpcf7-checkbox wpcf7-validates-as-required\"><span class=\"wpcf7-list-item first last\"><input type=\"checkbox\" name=\"checkbox-43[]\" value=\"Acepto\" \/><span class=\"wpcf7-list-item-label\">Acepto<\/span><\/span><\/span><\/span><br \/>\nEl Aceptar implica confirmar su Participaci\u00f3n en la Hackathon.<\/p>\n<p><input type=\"submit\" value=\"Enviar\" class=\"wpcf7-form-control has-spinner wpcf7-submit\" \/><\/p>\n<p style=\"display: none !important;\"><label>&#916;<textarea name=\"_wpcf7_ak_hp_textarea\" cols=\"45\" rows=\"8\" maxlength=\"100\"><\/textarea><\/label><input type=\"hidden\" id=\"ak_js_1\" name=\"_wpcf7_ak_js\" value=\"145\"\/><script>document.getElementById( \"ak_js_1\" ).setAttribute( \"value\", ( new Date() ).getTime() );<\/script><\/p><div class=\"wpcf7-response-output\" aria-hidden=\"true\"><\/div><\/form><\/div>\n\n\n\n<p><strong>Datos de inter\u00e9s:<\/strong><\/p>\n\n\n\n<p class=\"has-background\" style=\"background-color:#ff947e\">De inscribirse un grupo, deber\u00e1n llenar el formulario cada uno de sus participantes y agregar en <strong>Informaci\u00f3n Adicional<\/strong> un nombre de fantas\u00eda que Uds. quieran llamarse. De esa manera sabremos quienes lo\/a conforman.<\/p>\n","protected":false},"excerpt":{"rendered":"<p>Datos de inter\u00e9s: De inscribirse un grupo, deber\u00e1n llenar el formulario cada uno de sus participantes y agregar en Informaci\u00f3n Adicional un nombre de fantas\u00eda que Uds. quieran llamarse. De esa manera sabremos quienes lo\/a conforman.<\/p>\n","protected":false},"author":1,"featured_media":0,"parent":0,"menu_order":0,"comment_status":"closed","ping_status":"closed","template":"","meta":{"footnotes":""},"jetpack_sharing_enabled":true,"_links":{"self":[{"href":"http:\/\/www.elfirmamento.com.ar\/index.php?rest_route=\/wp\/v2\/pages\/5766"}],"collection":[{"href":"http:\/\/www.elfirmamento.com.ar\/index.php?rest_route=\/wp\/v2\/pages"}],"about":[{"href":"http:\/\/www.elfirmamento.com.ar\/index.php?rest_route=\/wp\/v2\/types\/page"}],"author":[{"embeddable":true,"href":"http:\/\/www.elfirmamento.com.ar\/index.php?rest_route=\/wp\/v2\/users\/1"}],"replies":[{"embeddable":true,"href":"http:\/\/www.elfirmamento.com.ar\/index.php?rest_route=%2Fwp%2Fv2%2Fcomments&post=5766"}],"version-history":[{"count":0,"href":"http:\/\/www.elfirmamento.com.ar\/index.php?rest_route=\/wp\/v2\/pages\/5766\/revisions"}],"wp:attachment":[{"href":"http:\/\/www.elfirmamento.com.ar\/index.php?rest_route=%2Fwp%2Fv2%2Fmedia&parent=5766"}],"curies":[{"name":"wp","href":"https:\/\/api.w.org\/{rel}","templated":true}]}}