{"id":6479,"date":"2023-10-17T00:01:00","date_gmt":"2023-10-17T03:01:00","guid":{"rendered":"http:\/\/www.elfirmamento.com.ar\/?page_id=6479"},"modified":"2023-11-01T16:47:22","modified_gmt":"2023-11-01T19:47:22","slug":"star-party-tupungato-2023","status":"publish","type":"page","link":"http:\/\/www.elfirmamento.com.ar\/?page_id=6479","title":{"rendered":"V Star Party Tupungato 2024"},"content":{"rendered":"\n<p id=\"block-11c561ac-c9a9-4918-8d28-9f1820871956\">El Firmamento en conjunto con la Municipalidad de Tupungato organizan el 5to. Star Party en el mes de enero 2024 a llevarse a cabo en los Cerrillos de Tupungato, Mendoza, el d\u00eda s\u00e1bado 13 de enero de 2024. La actividad es libre y gratuita con inscripci\u00f3n previa. La misma inicia a las 20hs con el armado de equipos, para luego continuar con una breve introducci\u00f3n del cielo y lo que se ver\u00e1 en la noche de la actividad pasando a los equipos&#8230;<\/p>\n\n\n\n<div class=\"wp-block-buttons is-layout-flex wp-block-buttons-is-layout-flex\">\n<div class=\"wp-block-button\"><a class=\"wp-block-button__link\" href=\"http:\/\/www.elfirmamento.com.ar\/?p=5000\">m\u00e1s info<\/a><\/div>\n<\/div>\n\n\n\n<p><\/p>\n","protected":false},"excerpt":{"rendered":"<p>El Firmamento en conjunto con la Municipalidad de Tupungato organizan el 5to. Star Party en el mes de enero 2024 a llevarse a cabo en los Cerrillos de Tupungato, Mendoza, el d\u00eda s\u00e1bado 13 de enero de 2024. La actividad es libre y gratuita con &hellip; <a href=\"http:\/\/www.elfirmamento.com.ar\/?page_id=6479\" class=\"more-link\"><span>Seguir leyendo<span class=\"screen-reader-text\">V Star Party Tupungato 2024<\/span><\/span><\/a><\/p>\n","protected":false},"author":1,"featured_media":0,"parent":0,"menu_order":0,"comment_status":"closed","ping_status":"closed","template":"","meta":{"footnotes":""},"jetpack_sharing_enabled":true,"_links":{"self":[{"href":"http:\/\/www.elfirmamento.com.ar\/index.php?rest_route=\/wp\/v2\/pages\/6479"}],"collection":[{"href":"http:\/\/www.elfirmamento.com.ar\/index.php?rest_route=\/wp\/v2\/pages"}],"about":[{"href":"http:\/\/www.elfirmamento.com.ar\/index.php?rest_route=\/wp\/v2\/types\/page"}],"author":[{"embeddable":true,"href":"http:\/\/www.elfirmamento.com.ar\/index.php?rest_route=\/wp\/v2\/users\/1"}],"replies":[{"embeddable":true,"href":"http:\/\/www.elfirmamento.com.ar\/index.php?rest_route=%2Fwp%2Fv2%2Fcomments&post=6479"}],"version-history":[{"count":5,"href":"http:\/\/www.elfirmamento.com.ar\/index.php?rest_route=\/wp\/v2\/pages\/6479\/revisions"}],"predecessor-version":[{"id":6888,"href":"http:\/\/www.elfirmamento.com.ar\/index.php?rest_route=\/wp\/v2\/pages\/6479\/revisions\/6888"}],"wp:attachment":[{"href":"http:\/\/www.elfirmamento.com.ar\/index.php?rest_route=%2Fwp%2Fv2%2Fmedia&parent=6479"}],"curies":[{"name":"wp","href":"https:\/\/api.w.org\/{rel}","templated":true}]}}