{"id":6957,"date":"2024-09-06T12:22:42","date_gmt":"2024-09-06T15:22:42","guid":{"rendered":"https:\/\/www.elfirmamento.com.ar\/?page_id=6957"},"modified":"2024-09-18T15:53:37","modified_gmt":"2024-09-18T18:53:37","slug":"astroturismo-virtual-2","status":"publish","type":"page","link":"https:\/\/www.elfirmamento.com.ar\/?page_id=6957","title":{"rendered":"Astroturismo Virtual"},"content":{"rendered":"\n<p>Una vivencia que permite, conectando tu celular, dispositivo m\u00f3vil o PC a la sala Meet, descubrir (gracias al Divulgador Cient\u00edfico-Gu\u00eda a cargo) distintos cuerpos celestes en VIVO a trav\u00e9s del Telescopio del Observatorio El Firmamento sito en distrito El Challao, departamento de Las Heras de la Provincia de Mendoza &#8211; Argentina. <br><\/p>\n\n\n\n<div class=\"wp-block-buttons is-layout-flex wp-block-buttons-is-layout-flex\">\n<div class=\"wp-block-button\"><a class=\"wp-block-button__link\" href=\"https:\/\/www.elfirmamento.com.ar\/?page_id=6967\">seguir leyendo<\/a><\/div>\n<\/div>\n","protected":false},"excerpt":{"rendered":"<p>Una vivencia que permite, conectando tu celular, dispositivo m\u00f3vil o PC a la sala Meet, descubrir (gracias al Divulgador Cient\u00edfico-Gu\u00eda a cargo) distintos cuerpos celestes en VIVO a trav\u00e9s del Telescopio del Observatorio El Firmamento sito en distrito El Challao, departamento de Las Heras de &hellip; <a href=\"https:\/\/www.elfirmamento.com.ar\/?page_id=6957\" class=\"more-link\"><span>Seguir leyendo<span class=\"screen-reader-text\">Astroturismo Virtual<\/span><\/span><\/a><\/p>\n","protected":false},"author":1,"featured_media":7593,"parent":0,"menu_order":0,"comment_status":"closed","ping_status":"closed","template":"","meta":{"footnotes":""},"jetpack_sharing_enabled":true,"_links":{"self":[{"href":"https:\/\/www.elfirmamento.com.ar\/index.php?rest_route=\/wp\/v2\/pages\/6957"}],"collection":[{"href":"https:\/\/www.elfirmamento.com.ar\/index.php?rest_route=\/wp\/v2\/pages"}],"about":[{"href":"https:\/\/www.elfirmamento.com.ar\/index.php?rest_route=\/wp\/v2\/types\/page"}],"author":[{"embeddable":true,"href":"https:\/\/www.elfirmamento.com.ar\/index.php?rest_route=\/wp\/v2\/users\/1"}],"replies":[{"embeddable":true,"href":"https:\/\/www.elfirmamento.com.ar\/index.php?rest_route=%2Fwp%2Fv2%2Fcomments&post=6957"}],"version-history":[{"count":2,"href":"https:\/\/www.elfirmamento.com.ar\/index.php?rest_route=\/wp\/v2\/pages\/6957\/revisions"}],"predecessor-version":[{"id":6970,"href":"https:\/\/www.elfirmamento.com.ar\/index.php?rest_route=\/wp\/v2\/pages\/6957\/revisions\/6970"}],"wp:featuredmedia":[{"embeddable":true,"href":"https:\/\/www.elfirmamento.com.ar\/index.php?rest_route=\/wp\/v2\/media\/7593"}],"wp:attachment":[{"href":"https:\/\/www.elfirmamento.com.ar\/index.php?rest_route=%2Fwp%2Fv2%2Fmedia&parent=6957"}],"curies":[{"name":"wp","href":"https:\/\/api.w.org\/{rel}","templated":true}]}}