{"id":6967,"date":"2024-09-18T12:08:20","date_gmt":"2024-09-18T15:08:20","guid":{"rendered":"https:\/\/www.elfirmamento.com.ar\/?page_id=6967"},"modified":"2024-09-18T16:04:54","modified_gmt":"2024-09-18T19:04:54","slug":"astroturismo-virtual-contenido","status":"publish","type":"page","link":"https:\/\/www.elfirmamento.com.ar\/?page_id=6967","title":{"rendered":"Astroturismo Virtual (contenido)"},"content":{"rendered":"\n<p class=\"has-text-align-center has-background\" style=\"background-color:#e8aa4e\">PROXIMA FECHA <strong>02 DE OCTUBRE<\/strong> &#8211; ECLIPSE SOLAR PARCIAL<\/p>\n\n\n\n<p>Cu\u00e1ntos de nosotros vivimos en lugares con contaminaci\u00f3n lum\u00ednica, el no tener tiempo para acercarse a actividades presenciales, el no poseer instrumentos como ser telescopios, vivir en regiones donde las condiciones clim\u00e1ticas no son favorables o simplemente estar en otras latitudes como ser pa\u00edses de distinto hemisferio. Es importante saber que el cielo de un hemisferio difiere casi por completo respecto al otro.<\/p>\n\n\n\n<p class=\"has-text-align-center\"><strong>Est\u00e1 pensado tambi\u00e9n para aquellas personas con movilidad reducida.<\/strong><\/p>\n\n\n\n<p>Una vivencia que permite, conectando el celular, dispositivo m\u00f3vil o PC a la sala Meet, descubrir distintos cuerpos celestes en VIVO a trav\u00e9s del Telescopio del Observatorio El Firmamento sito en distrito El Challao, departamento de Las Heras de la Provincia de Mendoza &#8211; Argentina, acompa\u00f1ado de la explicaci\u00f3n respectiva del cuerpo observado gracias al Divulgador Cient\u00edfico-Gu\u00eda a cargo.<\/p>\n\n\n\n<p>Difiere de otras actividades presenciales de astroturismo por ciertas ventajas (adem\u00e1s de las mencionadas) como ser la comodidad de estar en la casa, tomando mate, un caf\u00e9 o simplemente cenando en familia y participando a la vez formulando preguntas ya sea por audio o escritas en el chat del canal de transmisi\u00f3n. <\/p>\n\n\n\n<p class=\"has-text-align-center has-background\" style=\"background-color:#fec8a4\"><strong>Smart TV<\/strong> <br> si posee, tiene la posibilidad de compartir la transmisi\u00f3n, a trav\u00e9s de la pantalla de televisi\u00f3n, con las personas que lo acompa\u00f1an como ser la familia, amigos, etc.<\/p>\n\n\n\n<p>Los presentes podr\u00e1n formular preguntas escribiendo en la transmisi\u00f3n de YouTube para luego ser respondidas.<\/p>\n\n\n\n<p class=\"has-black-color has-text-color has-link-color wp-elements-2fcb9b1caa2259ae00566e781d406beb\">Si la actividad es nocturna se contar\u00e1 con las c\u00e1maras ALLSKY del observatorio para apreciar y conocer, a campo amplio (observar gran parte del cielo), las distintas regiones (constelaciones) en donde se est\u00e9 apuntando con el telescopio. Se mostrar\u00e1 e identificar\u00e1 en vivo los asterismos para que uno, si las condiciones clim\u00e1ticas o la latitud donde vive lo ameritan, desde su hogar observe y reconozca el cielo.<\/p>\n\n\n\n<ul>\n<li><strong>Fecha<\/strong>: 02 de Octubre<\/li>\n\n\n\n<li><strong>Horario<\/strong>: 15:45hs (UTC -3 Argentina)<\/li>\n\n\n\n<li><strong>Duraci\u00f3n<\/strong>: 2 hora aprox.<\/li>\n<\/ul>\n\n\n\n<p>En esta oportunidad observaremos nuestro astro rey (el Sol) mientras se oculta parcialmente por el tr\u00e1nsito de la Luna. Explicaremos c\u00f3mo se form\u00f3, porqu\u00e9 se producen los eclipses. De darse las condiciones, podremos apreciar algunas manchas solares formadas por la actividad solar.<\/p>\n\n\n\n<ul>\n<li>Actividad transmitida v\u00eda canal de YouTube.<\/li>\n\n\n\n<li>no requiere inscripciones.<\/li>\n<\/ul>\n\n\n\n<p><\/p>\n\n\n\n<p class=\"has-text-align-center has-background\" style=\"background-color:#f8e1b5\">Es una actividad <strong>INCLUSIVA <\/strong>permitiendo a las personas con discapacidades motrices, disfrutar de la misma.<\/p>\n\n\n\n<p>Sin importar si vives dentro-fuera de la provincia de Mendoza o en otro pa\u00eds, te acercamos una vivencia diferente, conocer el Universo visible a trav\u00e9s de la plataforma Meet en vivo (en esta oportunidad efectuaremos la transmisi\u00f3n v\u00eda Stream YouTube.<\/p>\n\n\n\n<p><strong>Datos sobre el Eclipse parcial de Sol.<\/strong><\/p>\n\n\n\n<ul>\n<li>Inicio: 16:06hs.<\/li>\n\n\n\n<li>M\u00e1xima del eclipse: 17:23hs.<\/li>\n\n\n\n<li>Final 18:39hs.<\/li>\n<\/ul>\n\n\n\n<p>Link de la Actividad: La misma ser\u00e1 transmitida a trav\u00e9s de los canales de YouTube de la Municipalidad de Ciudad y El Firmamento para todo p\u00fablico.<\/p>\n\n\n\n<div class=\"wp-block-buttons is-layout-flex wp-block-buttons-is-layout-flex\">\n<div class=\"wp-block-button\"><a class=\"wp-block-button__link has-background wp-element-button\" href=\"https:\/\/www.youtube.com\/@elfirmamento\" style=\"background-color:#be1919\">Youtube<\/a><\/div>\n<\/div>\n\n\n\n<p class=\"has-text-align-center has-white-color has-text-color has-background has-link-color wp-elements-5572b9dd9dbc2be33a6dc7ca1ee0a6a6\" style=\"background-color:#ff5252\">Otra de las ventajas de una actividad de observaci\u00f3n solar de manera virtual es la seguridad que ofrece, gracias a los instrumentos certificados para una correcta observaci\u00f3n sin riesgo en los equipos. NUNCA OBSERVE EL SOL DE MANERA DIRECTA.<\/p>\n\n\n\n<p><strong>Qu\u00e9 se podr\u00e1 apreciar en la actividad?<\/strong><\/p>\n\n\n\n<p>El Sol, sus manchas solares (de darse las condiciones). Conoceremos m\u00e1s a fondo nuestro astro rey mientras apreciamos a cada momento las diferentes etapas del eclipse. Los presentes podr\u00e1n formular preguntas e inquietudes.<\/p>\n\n\n\n<p>Ver desde un telescopio a trav\u00e9s de sus c\u00e1maras adosadas, nos mostrar\u00e1 con mayores detalles los cuerpos celestes como ser sus colores, formas, estructuras, (siendo dif\u00edcil hasta imposible apreciarlos a simple vista observando desde el ocular de un telescopio), como tambi\u00e9n apreciar un n\u00famero mayor de astros si estuvi\u00e9ramos participando en un evento presencial de astroturismo (en un evento presencial el n\u00famero de personas hace que la cantidad de cuerpos visibles se reduzca considerablemente).<\/p>\n\n\n\n<p><strong>Todos los meses se repite el mismo tema?<\/strong><\/p>\n\n\n\n<p>No se repiten. Cada evento tiene un tema distinto. Esto se debe a la gran informaci\u00f3n que la Astronom\u00eda abarca, haciendo imposible entregarla en una sola experiencia. A continuaci\u00f3n numeramos algunas de ellas: Galaxias, formaci\u00f3n y clasificaci\u00f3n &#8211; Nebulosas &#8211; Evoluci\u00f3n Estelar &#8211; La Luna &#8211; C\u00famulos estelares &#8211; Planetas &#8211; Cometas que nos visitan &#8211; Asteroides y meteoroides &#8211; El Sol, entre otros. <\/p>\n\n\n\n<p> <strong>Si vivo en el Hemisferio Norte puedo disfrutarlo?<\/strong> <\/p>\n\n\n\n<p>Por supuesto que si, ya que mucho de lo que observar\u00e1s difiere (ejemplo: no son visibles) de las vivencias en dichas latitudes;  como ser las Nubes de Magallanes, Omega Centauri, el C\u00famulo Joyero, entre otros.<\/p>\n\n\n\n<p> <strong>Si he participado en un anterior Astroturismo Virtual, existen diferencias?<\/strong><\/p>\n\n\n\n<p>Cada noche es \u00fanica, por lo que puede diferir en gran parte entre una actividad y otra. Ejemplo: la \u00e9poca del a\u00f1o (estaci\u00f3n), los cuerpos celestes observables (hay miles y miles de cuerpos), cometas que nunca m\u00e1s podr\u00e1n volver a ver, etc. Todo ello con su respectiva aclaraci\u00f3n.<\/p>\n\n\n\n<p> <strong>Qu\u00e9 plataforma Meet se utilizar\u00e1?<\/strong> <\/p>\n\n\n\n<p>La plataforma puede variar siendo Jitsi Meet, Google Meet, entre otras. La misma ser\u00e1 informada a trav\u00e9s del mail utilizado para la inscripci\u00f3n.<\/p>\n\n\n\n<p><strong>Puedo conectar la transmisi\u00f3n a un TV Smart?<\/strong><\/p>\n\n\n\n<p>Si se puede pero, depende tanto del TV Smart como del celular o tablet (leer los manuales o videos respectivos del fabricante). Ejemplo: con Chromecast, aplicaciones Mirror, entre otras.<\/p>\n\n\n\n<p> <strong>Puedo conectar varios dispositivos?<\/strong><\/p>\n\n\n\n<p>No se puede, solamente uno, ya que el ancho de banda (transmisi\u00f3n) de los dispositivos ingresados se reducir\u00e1 considerablemente haciendo que la se\u00f1al se pausee o corte.<\/p>\n\n\n\n<p><strong>Ya adquir\u00ed la entrada, c\u00f3mo hago para acceder a la transmisi\u00f3n?<\/strong> <\/p>\n\n\n\n<p>Para su comodidad podr\u00e1 enviarnos un mail a aulavirtual@elfirmamento.com.ar adjuntando el ticket de pago para su constataci\u00f3n. A la brevedad recibir\u00e1 un mail con el link de acceso y su clave. A\u00fan as\u00ed, Mercado Pago nos entrega, entre los datos recibidos, el mail de compra de la entrada.<\/p>\n\n\n\n<p><strong>Al momento de la actividad, si las condiciones clim\u00e1ticas no son propicias, se efect\u00faa igual ?<\/strong> <\/p>\n\n\n\n<p>No se realiza, pero se reprograma para el pr\u00f3ximo domingo a la misma hora.<\/p>\n","protected":false},"excerpt":{"rendered":"<p>PROXIMA FECHA 02 DE OCTUBRE &#8211; ECLIPSE SOLAR PARCIAL Cu\u00e1ntos de nosotros vivimos en lugares con contaminaci\u00f3n lum\u00ednica, el no tener tiempo para acercarse a actividades presenciales, el no poseer instrumentos como ser telescopios, vivir en regiones donde las condiciones clim\u00e1ticas no son favorables o &hellip; <a href=\"https:\/\/www.elfirmamento.com.ar\/?page_id=6967\" class=\"more-link\"><span>Seguir leyendo<span class=\"screen-reader-text\">Astroturismo Virtual (contenido)<\/span><\/span><\/a><\/p>\n","protected":false},"author":1,"featured_media":7584,"parent":0,"menu_order":0,"comment_status":"closed","ping_status":"closed","template":"","meta":{"footnotes":""},"jetpack_sharing_enabled":true,"_links":{"self":[{"href":"https:\/\/www.elfirmamento.com.ar\/index.php?rest_route=\/wp\/v2\/pages\/6967"}],"collection":[{"href":"https:\/\/www.elfirmamento.com.ar\/index.php?rest_route=\/wp\/v2\/pages"}],"about":[{"href":"https:\/\/www.elfirmamento.com.ar\/index.php?rest_route=\/wp\/v2\/types\/page"}],"author":[{"embeddable":true,"href":"https:\/\/www.elfirmamento.com.ar\/index.php?rest_route=\/wp\/v2\/users\/1"}],"replies":[{"embeddable":true,"href":"https:\/\/www.elfirmamento.com.ar\/index.php?rest_route=%2Fwp%2Fv2%2Fcomments&post=6967"}],"version-history":[{"count":31,"href":"https:\/\/www.elfirmamento.com.ar\/index.php?rest_route=\/wp\/v2\/pages\/6967\/revisions"}],"predecessor-version":[{"id":7604,"href":"https:\/\/www.elfirmamento.com.ar\/index.php?rest_route=\/wp\/v2\/pages\/6967\/revisions\/7604"}],"wp:featuredmedia":[{"embeddable":true,"href":"https:\/\/www.elfirmamento.com.ar\/index.php?rest_route=\/wp\/v2\/media\/7584"}],"wp:attachment":[{"href":"https:\/\/www.elfirmamento.com.ar\/index.php?rest_route=%2Fwp%2Fv2%2Fmedia&parent=6967"}],"curies":[{"name":"wp","href":"https:\/\/api.w.org\/{rel}","templated":true}]}}