{"id":7369,"date":"2024-07-15T02:23:26","date_gmt":"2024-07-15T05:23:26","guid":{"rendered":"https:\/\/www.elfirmamento.com.ar\/?page_id=7369"},"modified":"2024-09-09T18:01:09","modified_gmt":"2024-09-09T21:01:09","slug":"observatorio-astronomico","status":"publish","type":"page","link":"https:\/\/www.elfirmamento.com.ar\/?page_id=7369","title":{"rendered":"Observatorio Astron\u00f3mico"},"content":{"rendered":"\t\t<div data-elementor-type=\"wp-page\" data-elementor-id=\"7369\" class=\"elementor elementor-7369\">\n\t\t\t\t<div class=\"elementor-element elementor-element-26d06e8 e-grid e-con-boxed e-con e-parent\" data-id=\"26d06e8\" data-element_type=\"container\">\n\t\t\t\t\t<div class=\"e-con-inner\">\n\t\t\t\t<div class=\"elementor-element elementor-element-62d6782 elementor-widget elementor-widget-image\" data-id=\"62d6782\" data-element_type=\"widget\" data-widget_type=\"image.default\">\n\t\t\t\t<div class=\"elementor-widget-container\">\n\t\t\t<style>\/*! elementor - v3.22.0 - 26-06-2024 *\/\n.elementor-widget-image{text-align:center}.elementor-widget-image a{display:inline-block}.elementor-widget-image a img[src$=\".svg\"]{width:48px}.elementor-widget-image img{vertical-align:middle;display:inline-block}<\/style>\t\t\t\t\t\t\t<figure class=\"wp-caption\">\n\t\t\t\t\t\t\t\t\t\t\t<a href=\"https:\/\/www.elfirmamento.com.ar\/?page_id=7386\">\n\t\t\t\t\t\t\t<img decoding=\"async\" src=\"https:\/\/www.elfirmamento.com.ar\/wp-content\/uploads\/2024\/07\/imagen1.jpg\" title=\"imagen1\" alt=\"imagen1\" loading=\"lazy\" \/>\t\t\t\t\t\t\t\t<\/a>\n\t\t\t\t\t\t\t\t\t\t\t<figcaption class=\"widget-image-caption wp-caption-text\"><\/figcaption>\n\t\t\t\t\t\t\t\t\t\t<\/figure>\n\t\t\t\t\t\t\t<\/div>\n\t\t\t\t<\/div>\n\t\t\t\t<div class=\"elementor-element elementor-element-3aaeb82 elementor-widget elementor-widget-image\" data-id=\"3aaeb82\" data-element_type=\"widget\" data-widget_type=\"image.default\">\n\t\t\t\t<div class=\"elementor-widget-container\">\n\t\t\t\t\t\t\t\t\t\t\t\t\t\t<a href=\"https:\/\/www.elfirmamento.com.ar\/?page_id=7384\">\n\t\t\t\t\t\t\t<img decoding=\"async\" src=\"https:\/\/www.elfirmamento.com.ar\/wp-content\/uploads\/2024\/07\/imagen3.jpg\" title=\"imagen3\" alt=\"imagen3\" loading=\"lazy\" \/>\t\t\t\t\t\t\t\t<\/a>\n\t\t\t\t\t\t\t\t\t\t\t\t\t<\/div>\n\t\t\t\t<\/div>\n\t\t\t\t<div class=\"elementor-element elementor-element-b59b057 elementor-widget elementor-widget-image\" data-id=\"b59b057\" data-element_type=\"widget\" data-widget_type=\"image.default\">\n\t\t\t\t<div class=\"elementor-widget-container\">\n\t\t\t\t\t\t\t\t\t\t\t\t\t\t<a href=\"https:\/\/www.elfirmamento.com.ar\/?page_id=7382\">\n\t\t\t\t\t\t\t<img decoding=\"async\" src=\"https:\/\/www.elfirmamento.com.ar\/wp-content\/uploads\/2024\/07\/imagen2.jpg\" title=\"imagen2\" alt=\"imagen2\" loading=\"lazy\" \/>\t\t\t\t\t\t\t\t<\/a>\n\t\t\t\t\t\t\t\t\t\t\t\t\t<\/div>\n\t\t\t\t<\/div>\n\t\t\t\t\t<\/div>\n\t\t\t\t<\/div>\n\t\t<div class=\"elementor-element elementor-element-e195dcb e-flex e-con-boxed e-con e-parent\" data-id=\"e195dcb\" data-element_type=\"container\">\n\t\t\t\t\t<div class=\"e-con-inner\">\n\t\t<div class=\"elementor-element elementor-element-d6584ec e-con-full e-flex e-con e-child\" data-id=\"d6584ec\" data-element_type=\"container\">\n\t\t<div class=\"elementor-element elementor-element-c5f9fe1 e-grid e-con-full e-con e-child\" data-id=\"c5f9fe1\" data-element_type=\"container\">\n\t\t\t\t<div class=\"elementor-element elementor-element-ed449e0 elementor-widget elementor-widget-heading\" data-id=\"ed449e0\" data-element_type=\"widget\" data-widget_type=\"heading.default\">\n\t\t\t\t<div class=\"elementor-widget-container\">\n\t\t\t<style>\/*! elementor - v3.22.0 - 26-06-2024 *\/\n.elementor-heading-title{padding:0;margin:0;line-height:1}.elementor-widget-heading .elementor-heading-title[class*=elementor-size-]>a{color:inherit;font-size:inherit;line-height:inherit}.elementor-widget-heading .elementor-heading-title.elementor-size-small{font-size:15px}.elementor-widget-heading .elementor-heading-title.elementor-size-medium{font-size:19px}.elementor-widget-heading .elementor-heading-title.elementor-size-large{font-size:29px}.elementor-widget-heading .elementor-heading-title.elementor-size-xl{font-size:39px}.elementor-widget-heading .elementor-heading-title.elementor-size-xxl{font-size:59px}<\/style><h5 class=\"elementor-heading-title elementor-size-default\">Cometas observados<\/h5>\t\t<\/div>\n\t\t\t\t<\/div>\n\t\t\t\t<div class=\"elementor-element elementor-element-e568f4b elementor-widget elementor-widget-heading\" data-id=\"e568f4b\" data-element_type=\"widget\" data-widget_type=\"heading.default\">\n\t\t\t\t<div class=\"elementor-widget-container\">\n\t\t\t<h5 class=\"elementor-heading-title elementor-size-default\">Novas y Supernovas<\/h5>\t\t<\/div>\n\t\t\t\t<\/div>\n\t\t\t\t<div class=\"elementor-element elementor-element-4ea9d81 elementor-widget elementor-widget-heading\" data-id=\"4ea9d81\" data-element_type=\"widget\" data-widget_type=\"heading.default\">\n\t\t\t\t<div class=\"elementor-widget-container\">\n\t\t\t<h5 class=\"elementor-heading-title elementor-size-default\">Im\u00e1genes capturadas<\/h5>\t\t<\/div>\n\t\t\t\t<\/div>\n\t\t\t\t<\/div>\n\t\t\t\t<\/div>\n\t\t\t\t<div class=\"elementor-element elementor-element-5f59e0c elementor-widget elementor-widget-text-editor\" data-id=\"5f59e0c\" data-element_type=\"widget\" data-widget_type=\"text-editor.default\">\n\t\t\t\t<div class=\"elementor-widget-container\">\n\t\t\t<style>\/*! elementor - v3.22.0 - 26-06-2024 *\/\n.elementor-widget-text-editor.elementor-drop-cap-view-stacked .elementor-drop-cap{background-color:#69727d;color:#fff}.elementor-widget-text-editor.elementor-drop-cap-view-framed .elementor-drop-cap{color:#69727d;border:3px solid;background-color:transparent}.elementor-widget-text-editor:not(.elementor-drop-cap-view-default) .elementor-drop-cap{margin-top:8px}.elementor-widget-text-editor:not(.elementor-drop-cap-view-default) .elementor-drop-cap-letter{width:1em;height:1em}.elementor-widget-text-editor .elementor-drop-cap{float:left;text-align:center;line-height:1;font-size:50px}.elementor-widget-text-editor .elementor-drop-cap-letter{display:inline-block}<\/style>\t\t\t\t<p>El Firmamento cuenta con un observatorio astron\u00f3mico ubicado en el distrito El Challao, departamento de Las Heras, Provincia de Mendoza &#8211; Argentina, en el cual se efect\u00faan diferentes estudios, investigaciones y observaciones.<\/p><p>En esta secci\u00f3n encontrar\u00e1 im\u00e1genes tanto recientes como pasadas sobre los cuerpos estudiados divididas en secciones para un mejor orden o b\u00fasqueda.<\/p><p>Las mismas son:<\/p><ul><li>Cometas Observados: los cometas que el observatorio ha ido siguiendo y tomando im\u00e1genes en el transcurso de su vida.<\/li><li>Novas y Supernovas:\u00a0 secci\u00f3n en la cual se hace un estudio, b\u00fasqueda, observaci\u00f3n e informes de estos nuevos eventos a las distintas organizaciones internacionales para recabar informaci\u00f3n de dichos cuerpos.<\/li><li>Im\u00e1genes capturadas: mientras se efect\u00faan seguimientos y observaciones de distintos eventos, tambi\u00e9n se realizan tomas de im\u00e1genes de cuerpos celestes que pudieran ser de relevancia, como ser mejora de instrumentos, software, procesado de im\u00e1genes entre otros, d\u00e1ndose a conocer. Muchos de estos cuerpos son los visitados en nuestros viajes de Astroturismo Virtuales que efectuamos mes a mes.<\/li><\/ul>\t\t\t\t\t\t<\/div>\n\t\t\t\t<\/div>\n\t\t\t\t\t<\/div>\n\t\t\t\t<\/div>\n\t\t\t\t<\/div>\n\t\t","protected":false},"excerpt":{"rendered":"<p>Cometas observados Novas y Supernovas Im\u00e1genes capturadas El Firmamento cuenta con un observatorio astron\u00f3mico ubicado en el distrito El Challao, departamento de Las Heras, Provincia de Mendoza &#8211; Argentina, en el cual se efect\u00faan diferentes estudios, investigaciones y observaciones. En esta secci\u00f3n encontrar\u00e1 im\u00e1genes tanto &hellip; <a href=\"https:\/\/www.elfirmamento.com.ar\/?page_id=7369\" class=\"more-link\"><span>Seguir leyendo<span class=\"screen-reader-text\">Observatorio Astron\u00f3mico<\/span><\/span><\/a><\/p>\n","protected":false},"author":1,"featured_media":0,"parent":0,"menu_order":0,"comment_status":"closed","ping_status":"closed","template":"","meta":{"footnotes":""},"jetpack_sharing_enabled":true,"_links":{"self":[{"href":"https:\/\/www.elfirmamento.com.ar\/index.php?rest_route=\/wp\/v2\/pages\/7369"}],"collection":[{"href":"https:\/\/www.elfirmamento.com.ar\/index.php?rest_route=\/wp\/v2\/pages"}],"about":[{"href":"https:\/\/www.elfirmamento.com.ar\/index.php?rest_route=\/wp\/v2\/types\/page"}],"author":[{"embeddable":true,"href":"https:\/\/www.elfirmamento.com.ar\/index.php?rest_route=\/wp\/v2\/users\/1"}],"replies":[{"embeddable":true,"href":"https:\/\/www.elfirmamento.com.ar\/index.php?rest_route=%2Fwp%2Fv2%2Fcomments&post=7369"}],"version-history":[{"count":25,"href":"https:\/\/www.elfirmamento.com.ar\/index.php?rest_route=\/wp\/v2\/pages\/7369\/revisions"}],"predecessor-version":[{"id":7571,"href":"https:\/\/www.elfirmamento.com.ar\/index.php?rest_route=\/wp\/v2\/pages\/7369\/revisions\/7571"}],"wp:attachment":[{"href":"https:\/\/www.elfirmamento.com.ar\/index.php?rest_route=%2Fwp%2Fv2%2Fmedia&parent=7369"}],"curies":[{"name":"wp","href":"https:\/\/api.w.org\/{rel}","templated":true}]}}