{"id":7386,"date":"2024-07-15T02:59:47","date_gmt":"2024-07-15T05:59:47","guid":{"rendered":"https:\/\/www.elfirmamento.com.ar\/?page_id=7386"},"modified":"2025-12-02T22:16:11","modified_gmt":"2025-12-03T01:16:11","slug":"cometas","status":"publish","type":"page","link":"https:\/\/www.elfirmamento.com.ar\/?page_id=7386","title":{"rendered":"Cometas"},"content":{"rendered":"\t\t<div data-elementor-type=\"wp-page\" data-elementor-id=\"7386\" class=\"elementor elementor-7386\">\n\t\t\t\t<div class=\"elementor-element elementor-element-1c52c66 e-flex e-con-boxed e-con e-parent\" data-id=\"1c52c66\" data-element_type=\"container\">\n\t\t\t\t\t<div class=\"e-con-inner\">\n\t\t\t\t<div class=\"elementor-element elementor-element-74c9880d elementor-widget elementor-widget-text-editor\" data-id=\"74c9880d\" data-element_type=\"widget\" data-widget_type=\"text-editor.default\">\n\t\t\t\t<div class=\"elementor-widget-container\">\n\t\t\t<style>\/*! elementor - v3.22.0 - 26-06-2024 *\/\n.elementor-widget-text-editor.elementor-drop-cap-view-stacked .elementor-drop-cap{background-color:#69727d;color:#fff}.elementor-widget-text-editor.elementor-drop-cap-view-framed .elementor-drop-cap{color:#69727d;border:3px solid;background-color:transparent}.elementor-widget-text-editor:not(.elementor-drop-cap-view-default) .elementor-drop-cap{margin-top:8px}.elementor-widget-text-editor:not(.elementor-drop-cap-view-default) .elementor-drop-cap-letter{width:1em;height:1em}.elementor-widget-text-editor .elementor-drop-cap{float:left;text-align:center;line-height:1;font-size:50px}.elementor-widget-text-editor .elementor-drop-cap-letter{display:inline-block}<\/style>\t\t\t\t<!-- wp:paragraph {\"style\":{\"color\":{\"background\":\"#e5faf8\"}}} -->\n<p class=\"has-background\" style=\"background-color:#e5faf8\">En esta secci\u00f3n encontrar\u00e1 im\u00e1genes obtenidas por El Firmamento tanto desde el Observatorio como de distintos puntos de la provincia de Mendoza &#8211; Argentina. Al hacer click en las im\u00e1genes tendr\u00e1 un peque\u00f1o detalle del cuerpo como as\u00ed su fecha de observaci\u00f3n.<\/p>\n<!-- \/wp:paragraph -->\t\t\t\t\t\t<\/div>\n\t\t\t\t<\/div>\n\t\t\t\t\t<\/div>\n\t\t\t\t<\/div>\n\t\t\t\t<\/div>\n\t\t","protected":false},"excerpt":{"rendered":"<p>En esta secci\u00f3n encontrar\u00e1 im\u00e1genes obtenidas por El Firmamento tanto desde el Observatorio como de distintos puntos de la provincia de Mendoza &#8211; Argentina. Al hacer click en las im\u00e1genes tendr\u00e1 un peque\u00f1o detalle del cuerpo como as\u00ed su fecha de observaci\u00f3n.<\/p>\n","protected":false},"author":1,"featured_media":0,"parent":0,"menu_order":0,"comment_status":"closed","ping_status":"closed","template":"","meta":{"footnotes":""},"jetpack_sharing_enabled":true,"_links":{"self":[{"href":"https:\/\/www.elfirmamento.com.ar\/index.php?rest_route=\/wp\/v2\/pages\/7386"}],"collection":[{"href":"https:\/\/www.elfirmamento.com.ar\/index.php?rest_route=\/wp\/v2\/pages"}],"about":[{"href":"https:\/\/www.elfirmamento.com.ar\/index.php?rest_route=\/wp\/v2\/types\/page"}],"author":[{"embeddable":true,"href":"https:\/\/www.elfirmamento.com.ar\/index.php?rest_route=\/wp\/v2\/users\/1"}],"replies":[{"embeddable":true,"href":"https:\/\/www.elfirmamento.com.ar\/index.php?rest_route=%2Fwp%2Fv2%2Fcomments&post=7386"}],"version-history":[{"count":5,"href":"https:\/\/www.elfirmamento.com.ar\/index.php?rest_route=\/wp\/v2\/pages\/7386\/revisions"}],"predecessor-version":[{"id":8233,"href":"https:\/\/www.elfirmamento.com.ar\/index.php?rest_route=\/wp\/v2\/pages\/7386\/revisions\/8233"}],"wp:attachment":[{"href":"https:\/\/www.elfirmamento.com.ar\/index.php?rest_route=%2Fwp%2Fv2%2Fmedia&parent=7386"}],"curies":[{"name":"wp","href":"https:\/\/api.w.org\/{rel}","templated":true}]}}