{"id":7885,"date":"2025-03-19T10:24:36","date_gmt":"2025-03-19T13:24:36","guid":{"rendered":"https:\/\/www.elfirmamento.com.ar\/?page_id=7885"},"modified":"2025-05-12T17:57:12","modified_gmt":"2025-05-12T20:57:12","slug":"celestros-astromaster-130","status":"publish","type":"page","link":"https:\/\/www.elfirmamento.com.ar\/?page_id=7885","title":{"rendered":"Celestron Astromaster 130"},"content":{"rendered":"\n<p><strong>USADO <\/strong>&#8211; En muy buen estado.<\/p>\n\n\n\n<p>Telescopio reflector 130mm de apertura y 650mm de distancia focal con montura equatorial.<\/p>\n\n\n\n<p>Excelente equipo para iniciar. Con este equipo se puede observar no s\u00f3lo la Luna, los Planetas, sino tambi\u00e9n c\u00famulos estelares, nebulosas y galaxias (estos dos \u00faltimos depender\u00e1n del sitio de observaci\u00f3n, siendo el principal factor la contaminaci\u00f3n lum\u00ednica). <\/p>\n\n\n\n<p>Incluye:<\/p>\n\n\n\n<ul>\n<li>tr\u00edpode<\/li>\n\n\n\n<li>cabezal (montura)<\/li>\n\n\n\n<li>finder<\/li>\n\n\n\n<li>ocular<\/li>\n<\/ul>\n\n\n\n<p>Valor del equipo: <br>por transferencia $625.000.-<br>por tarjeta $700.000.- en un pago o en cuotas (tanto la cantidad de cuotas como su valor depender\u00e1 del banco emisor).<\/p>\n\n\n\n<p>(no incluye el gasto de env\u00edo el cual est\u00e1 a cargo del comprador)<\/p>\n\n\n\n<p>M\u00e1s info v\u00eda <a href=\"https:\/\/wa.me\/5492615684746\">Whatsapp <\/a><\/p>\n\n\n\n<div class=\"wp-block-buttons is-layout-flex wp-block-buttons-is-layout-flex\">\n<div class=\"wp-block-button\"><a class=\"wp-block-button__link has-background wp-element-button\" href=\"https:\/\/mpago.la\/19dGEzR\" style=\"background-color:#1b75a9\">Mercado Pago<\/a><\/div>\n<\/div>\n\n\n","protected":false},"excerpt":{"rendered":"<p>USADO &#8211; En muy buen estado. Telescopio reflector 130mm de apertura y 650mm de distancia focal con montura equatorial. Excelente equipo para iniciar. Con este equipo se puede observar no s\u00f3lo la Luna, los Planetas, sino tambi\u00e9n c\u00famulos estelares, nebulosas y galaxias (estos dos \u00faltimos &hellip; <a href=\"https:\/\/www.elfirmamento.com.ar\/?page_id=7885\" class=\"more-link\"><span>Seguir leyendo<span class=\"screen-reader-text\">Celestron Astromaster 130<\/span><\/span><\/a><\/p>\n","protected":false},"author":1,"featured_media":0,"parent":0,"menu_order":0,"comment_status":"closed","ping_status":"closed","template":"","meta":{"footnotes":""},"jetpack_sharing_enabled":true,"_links":{"self":[{"href":"https:\/\/www.elfirmamento.com.ar\/index.php?rest_route=\/wp\/v2\/pages\/7885"}],"collection":[{"href":"https:\/\/www.elfirmamento.com.ar\/index.php?rest_route=\/wp\/v2\/pages"}],"about":[{"href":"https:\/\/www.elfirmamento.com.ar\/index.php?rest_route=\/wp\/v2\/types\/page"}],"author":[{"embeddable":true,"href":"https:\/\/www.elfirmamento.com.ar\/index.php?rest_route=\/wp\/v2\/users\/1"}],"replies":[{"embeddable":true,"href":"https:\/\/www.elfirmamento.com.ar\/index.php?rest_route=%2Fwp%2Fv2%2Fcomments&post=7885"}],"version-history":[{"count":7,"href":"https:\/\/www.elfirmamento.com.ar\/index.php?rest_route=\/wp\/v2\/pages\/7885\/revisions"}],"predecessor-version":[{"id":8034,"href":"https:\/\/www.elfirmamento.com.ar\/index.php?rest_route=\/wp\/v2\/pages\/7885\/revisions\/8034"}],"wp:attachment":[{"href":"https:\/\/www.elfirmamento.com.ar\/index.php?rest_route=%2Fwp%2Fv2%2Fmedia&parent=7885"}],"curies":[{"name":"wp","href":"https:\/\/api.w.org\/{rel}","templated":true}]}}