{"id":7908,"date":"2025-03-19T15:14:49","date_gmt":"2025-03-19T18:14:49","guid":{"rendered":"https:\/\/www.elfirmamento.com.ar\/?page_id=7908"},"modified":"2025-03-19T19:01:34","modified_gmt":"2025-03-19T22:01:34","slug":"seestar-s30","status":"publish","type":"page","link":"https:\/\/www.elfirmamento.com.ar\/?page_id=7908","title":{"rendered":"SeeStar S30"},"content":{"rendered":"\n<p><strong>NUEVO <\/strong><\/p>\n\n\n\n<p>Telescopio refractor Apocrom\u00e1tico ED de 30mm de apertura y 150mm de distancia focal. Montura motorizada azimutal con seguimiento. Posee dos c\u00e1maras astrofotogr\u00e1ficas, una gran angular y una segunda para tomas tanto de cuerpos celestes. Tambi\u00e9n puede utilizarse para observar la flora y fauna y tomar im\u00e1genes estando alejado. F\u00e1cil de transportar y usar.<\/p>\n\n\n\n<ul>\n<li>El telescopio cuenta con una bater\u00eda recargable incorporada d\u00e1ndole autonom\u00eda entre 4 horas a 6hs (dependiendo de la modalidad de trabajo). <\/li>\n\n\n\n<li>Se maneja a trav\u00e9s de dispositivos m\u00f3viles (celular o tablet android o IOS).<\/li>\n\n\n\n<li>Cuenta con filtros astron\u00f3micos (Hidr\u00f3geno Alfa y UHC incorporados) y un filtro Solar para tomar de manera segura im\u00e1genes del Sol.<\/li>\n\n\n\n<li>Conexi\u00f3n v\u00eda Wifi y Bluetooth<\/li>\n<\/ul>\n\n\n\n<p>Incluye:<\/p>\n\n\n\n<ul>\n<li>tr\u00edpode<\/li>\n\n\n\n<li>Telescopio<\/li>\n\n\n\n<li>Cable de conexi\u00f3n USB tanto para transferencia de im\u00e1genes como carga de bater\u00eda.<\/li>\n\n\n\n<li>Bolso para trasladarlo.<\/li>\n\n\n\n<li>Asesoramiento por un mes en el manejo del equipo. Ofrecemos salida de Campo en fechas espec\u00edficas no siendo obligatorio.<\/li>\n<\/ul>\n\n\n\n<p>Valor del equipo:<br>por transferencia $1.300.000.-<br>por tarjeta $1.450.000.- en un pago o en cuotas (tanto la cantidad de cuotas como su valor depender\u00e1 del banco emisor).<\/p>\n\n\n\n<p class=\"has-text-align-center has-background\" style=\"background-color:#f6c69d\">El producto se entrega una vez abonado y en un plazo de 30-60 d\u00edas (dependiendo del fabricante).<\/p>\n\n\n\n<p>M\u00e1s info v\u00eda&nbsp;<a href=\"https:\/\/wa.me\/5492615684746\">Whatsapp<\/a><\/p>\n\n\n\n<div class=\"wp-block-buttons is-layout-flex wp-block-buttons-is-layout-flex\">\n<div class=\"wp-block-button\"><a class=\"wp-block-button__link has-background wp-element-button\" style=\"background-color:#2878c9\">Mercado Pago<\/a><\/div>\n<\/div>\n\n\n","protected":false},"excerpt":{"rendered":"<p>NUEVO Telescopio refractor Apocrom\u00e1tico ED de 30mm de apertura y 150mm de distancia focal. Montura motorizada azimutal con seguimiento. Posee dos c\u00e1maras astrofotogr\u00e1ficas, una gran angular y una segunda para tomas tanto de cuerpos celestes. Tambi\u00e9n puede utilizarse para observar la flora y fauna y &hellip; <a href=\"https:\/\/www.elfirmamento.com.ar\/?page_id=7908\" class=\"more-link\"><span>Seguir leyendo<span class=\"screen-reader-text\">SeeStar S30<\/span><\/span><\/a><\/p>\n","protected":false},"author":1,"featured_media":0,"parent":0,"menu_order":0,"comment_status":"closed","ping_status":"closed","template":"","meta":{"footnotes":""},"jetpack_sharing_enabled":true,"_links":{"self":[{"href":"https:\/\/www.elfirmamento.com.ar\/index.php?rest_route=\/wp\/v2\/pages\/7908"}],"collection":[{"href":"https:\/\/www.elfirmamento.com.ar\/index.php?rest_route=\/wp\/v2\/pages"}],"about":[{"href":"https:\/\/www.elfirmamento.com.ar\/index.php?rest_route=\/wp\/v2\/types\/page"}],"author":[{"embeddable":true,"href":"https:\/\/www.elfirmamento.com.ar\/index.php?rest_route=\/wp\/v2\/users\/1"}],"replies":[{"embeddable":true,"href":"https:\/\/www.elfirmamento.com.ar\/index.php?rest_route=%2Fwp%2Fv2%2Fcomments&post=7908"}],"version-history":[{"count":5,"href":"https:\/\/www.elfirmamento.com.ar\/index.php?rest_route=\/wp\/v2\/pages\/7908\/revisions"}],"predecessor-version":[{"id":7922,"href":"https:\/\/www.elfirmamento.com.ar\/index.php?rest_route=\/wp\/v2\/pages\/7908\/revisions\/7922"}],"wp:attachment":[{"href":"https:\/\/www.elfirmamento.com.ar\/index.php?rest_route=%2Fwp%2Fv2%2Fmedia&parent=7908"}],"curies":[{"name":"wp","href":"https:\/\/api.w.org\/{rel}","templated":true}]}}