{"id":8098,"date":"2025-08-12T22:42:21","date_gmt":"2025-08-13T01:42:21","guid":{"rendered":"https:\/\/www.elfirmamento.com.ar\/?page_id=8098"},"modified":"2025-08-12T22:44:53","modified_gmt":"2025-08-13T01:44:53","slug":"cometa-c-2025-k1-atlas","status":"publish","type":"page","link":"https:\/\/www.elfirmamento.com.ar\/?page_id=8098","title":{"rendered":"Cometa C\/2025 K1 (Atlas)"},"content":{"rendered":"\n<p><strong>Resumen r\u00e1pido<\/strong><\/p>\n\n\n\n<ul>\n<li><strong>Designaci\u00f3n:<\/strong> C\/2025 K1 (ATLAS)<\/li>\n\n\n\n<li><strong>Descubrimiento:<\/strong> 25 de mayo de 2025 por el sondeo <strong>ATLAS<\/strong> (obsevatorio de Chile).<\/li>\n\n\n\n<li><strong>Origen probable:<\/strong> de la <strong>Nube de Oort<\/strong>.<\/li>\n\n\n\n<li><strong>Perihelio (punto m\u00e1s pr\u00f3ximo al Sol):<\/strong> <strong>8 de octubre de 2025<\/strong> a <strong>0,334 UA<\/strong> (unidades astron\u00f3micas). Una UA equivale a 150 millones de kil\u00f3metros.<\/li>\n\n\n\n<li><strong>\u00d3rbita:<\/strong> muy inclinada (<strong>i \u2248 147,9\u00b0<\/strong>, retr\u00f3grada &#8211; en contra de la direcci\u00f3n de las \u00f3rbitas de los planetas de nuestro Sistema Solar) y <strong>exc\u00e9ntrica<\/strong> (<strong>e \u2248 1,00029<\/strong>) (que posee una \u00f3rbita muy alargada).<\/li>\n\n\n\n<li><strong>M\u00e1ximo acercamiento a la Tierra:<\/strong> se estima el <strong>25 de noviembre de 2025<\/strong> a <strong>0,403 AU<\/strong>.<\/li>\n<\/ul>\n\n\n\n<hr class=\"wp-block-separator has-alpha-channel-opacity\"\/>\n\n\n\n<h2 class=\"wp-block-heading\">\u00bfDe d\u00f3nde viene y cu\u00e1l es su per\u00edodo orbital?<\/h2>\n\n\n\n<p>Los par\u00e1metros orbitales indican que C\/2025 K1 es un visitante procedente de la <strong>Nube de Oort<\/strong> pudiendo ser la primera vez que ingresa a nuestro Sistema Solar interior.<br>Se estima que su afelio se encuentra a m\u00e1s de 10,000 Unidades Astron\u00f3micas tardando, m\u00e1s o menos, un mill\u00f3n de a\u00f1os en completarla.<\/p>\n\n\n\n<blockquote class=\"wp-block-quote is-layout-flow wp-block-quote-is-layout-flow\">\n<p>Es un cometa de <strong>muy largo per\u00edodo<\/strong>, t\u00edpico de la Nube de Oort, que tardar\u00eda alrededor de <strong>un mill\u00f3n de a\u00f1os<\/strong> en completar una vuelta alrededor del Sol.<\/p>\n<\/blockquote>\n\n\n\n<hr class=\"wp-block-separator has-alpha-channel-opacity\"\/>\n\n\n\n<figure class=\"wp-block-image size-full\"><a href=\"http:\/\/www.elfirmamento.com.ar\/wp-content\/uploads\/2025\/08\/c2025_k1.jpg\"><img fetchpriority=\"high\" decoding=\"async\" width=\"800\" height=\"557\" src=\"http:\/\/www.elfirmamento.com.ar\/wp-content\/uploads\/2025\/08\/c2025_k1.jpg\" alt=\"\" class=\"wp-image-8094\" srcset=\"https:\/\/www.elfirmamento.com.ar\/wp-content\/uploads\/2025\/08\/c2025_k1.jpg 800w, https:\/\/www.elfirmamento.com.ar\/wp-content\/uploads\/2025\/08\/c2025_k1-300x209.jpg 300w, https:\/\/www.elfirmamento.com.ar\/wp-content\/uploads\/2025\/08\/c2025_k1-768x535.jpg 768w\" sizes=\"(max-width: 800px) 100vw, 800px\" \/><\/a><\/figure>\n\n\n\n<p class=\"has-text-align-center\">La presente imagen fue tomada por Dan Bartlett, de California (EEUU), a finales de julio. Para conocer m\u00e1s de sus trabajos de astrofotograf\u00eda, los invitamos a ingresar al <a href=\"https:\/\/app.astrobin.com\/u\/h2ologg#gallery\">siguiente link<\/a>.<\/p>\n\n\n\n<h2 class=\"wp-block-heading\">Mejor momento para observarlo desde el Hemisferio Sur<\/h2>\n\n\n\n<p>Por su trayectoria en el cielo, la <strong>ventana \u00f3ptima<\/strong> para el Hemisferio Sur ser\u00e1 <strong>desde finales de septiembre y a lo largo de la primera mitad de octubre de 2025<\/strong>, es decir, <strong>alrededor del perihelio<\/strong>, cuando el cometa se sit\u00faa con declinaci\u00f3n negativa y gana altura en latitudes australes. Despu\u00e9s migra r\u00e1pidamente hacia el norte, favoreciendo al Hemisferio Norte en <strong>noviembre<\/strong>. <\/p>\n\n\n\n<hr class=\"wp-block-separator has-alpha-channel-opacity\"\/>\n\n\n\n<h2 class=\"wp-block-heading\">Evento de Astroturismo<\/h2>\n\n\n\n<p><strong>El Firmamento<\/strong> realizar\u00e1 una <strong>actividad de observaci\u00f3n astron\u00f3mica abierta a todo p\u00fablico<\/strong> el <strong>s\u00e1bado 27 de septiembre<\/strong>, a las <strong>18:30 hs<\/strong>, en <strong>Espacio Spica<\/strong> (Gualtallary \u2013 Tupungato) donde las condiciones para su observaci\u00f3n son propicias (baja contaminaci\u00f3n lum\u00ednica).<br><\/p>\n\n\n\n<div class=\"wp-block-buttons is-layout-flex wp-block-buttons-is-layout-flex\">\n<div class=\"wp-block-button\"><a class=\"wp-block-button__link wp-element-button\" href=\"https:\/\/www.elfirmamento.com.ar\/?p=7929\">m\u00e1s info<\/a><\/div>\n<\/div>\n","protected":false},"excerpt":{"rendered":"<p>Resumen r\u00e1pido \u00bfDe d\u00f3nde viene y cu\u00e1l es su per\u00edodo orbital? Los par\u00e1metros orbitales indican que C\/2025 K1 es un visitante procedente de la Nube de Oort pudiendo ser la primera vez que ingresa a nuestro Sistema Solar interior.Se estima que su afelio se encuentra &hellip; <a href=\"https:\/\/www.elfirmamento.com.ar\/?page_id=8098\" class=\"more-link\"><span>Seguir leyendo<span class=\"screen-reader-text\">Cometa C\/2025 K1 (Atlas)<\/span><\/span><\/a><\/p>\n","protected":false},"author":1,"featured_media":0,"parent":0,"menu_order":0,"comment_status":"closed","ping_status":"closed","template":"","meta":{"footnotes":""},"jetpack_sharing_enabled":true,"_links":{"self":[{"href":"https:\/\/www.elfirmamento.com.ar\/index.php?rest_route=\/wp\/v2\/pages\/8098"}],"collection":[{"href":"https:\/\/www.elfirmamento.com.ar\/index.php?rest_route=\/wp\/v2\/pages"}],"about":[{"href":"https:\/\/www.elfirmamento.com.ar\/index.php?rest_route=\/wp\/v2\/types\/page"}],"author":[{"embeddable":true,"href":"https:\/\/www.elfirmamento.com.ar\/index.php?rest_route=\/wp\/v2\/users\/1"}],"replies":[{"embeddable":true,"href":"https:\/\/www.elfirmamento.com.ar\/index.php?rest_route=%2Fwp%2Fv2%2Fcomments&post=8098"}],"version-history":[{"count":2,"href":"https:\/\/www.elfirmamento.com.ar\/index.php?rest_route=\/wp\/v2\/pages\/8098\/revisions"}],"predecessor-version":[{"id":8102,"href":"https:\/\/www.elfirmamento.com.ar\/index.php?rest_route=\/wp\/v2\/pages\/8098\/revisions\/8102"}],"wp:attachment":[{"href":"https:\/\/www.elfirmamento.com.ar\/index.php?rest_route=%2Fwp%2Fv2%2Fmedia&parent=8098"}],"curies":[{"name":"wp","href":"https:\/\/api.w.org\/{rel}","templated":true}]}}